{"id":84,"date":"2016-04-19T05:29:11","date_gmt":"2016-04-19T05:29:11","guid":{"rendered":"http:\/\/basketball.stylemixthemes.com\/?page_id=84"},"modified":"2023-04-18T13:16:24","modified_gmt":"2023-04-18T13:16:24","slug":"home-page-2","status":"publish","type":"page","link":"https:\/\/bdsebasket.hu\/","title":{"rendered":"BDSE Basket"},"content":{"rendered":"<div class=\"wpb-content-wrapper\"><p>[vc_row][vc_column]\n\t\t\t<!-- START Home Slider REVOLUTION SLIDER 6.7.20 --><p class=\"rs-p-wp-fix\"><\/p>\n\t\t\t<rs-module-wrap id=\"rev_slider_1_1_wrapper\" data-source=\"gallery\" style=\"visibility:hidden;background:#151515;padding:0;margin:0px auto;margin-top:0;margin-bottom:0;\">\n\t\t\t\t<rs-module id=\"rev_slider_1_1\" style=\"\" data-version=\"6.7.20\">\n\t\t\t\t\t<rs-slides style=\"overflow: hidden; position: absolute;\">\n\t\t\t\t\t\t<rs-slide style=\"position: absolute;\" data-key=\"rs-4\" data-title=\"NBA Highlights\" data-anim=\"ms:600;r:0;\" data-in=\"o:0;\" data-out=\"a:false;\">\n\t\t\t\t\t\t\t<img decoding=\"async\" src=\"\/\/bdsebasket.hu\/wp-content\/plugins\/revslider\/sr6\/assets\/assets\/dummy.png\" alt=\"\" title=\"get_img\" width=\"1200\" height=\"799\" class=\"rev-slidebg tp-rs-img rs-lazyload\" data-lazyload=\"\/\/bdsebasket.hu\/wp-content\/uploads\/2021\/10\/get_img.jpg\" data-parallax=\"5\" data-panzoom=\"d:10000;ss:100;se:120;\" data-no-retina>\n<!---->\t\t\t\t\t<\/rs-slide>\n\t\t\t\t\t<\/rs-slides>\n\t\t\t\t<\/rs-module>\n\t\t\t\t<script>\n\t\t\t\t\tsetREVStartSize({c: 'rev_slider_1_1',rl:[1240,1240,778,480],el:[667,667,960,720],gw:[1000,1000,700,480],gh:[667,667,960,720],type:'standard',justify:'',layout:'fullwidth',mh:\"0\"});if (window.RS_MODULES!==undefined && window.RS_MODULES.modules!==undefined && window.RS_MODULES.modules[\"revslider11\"]!==undefined) {window.RS_MODULES.modules[\"revslider11\"].once = false;window.revapi1 = undefined;if (window.RS_MODULES.checkMinimal!==undefined) window.RS_MODULES.checkMinimal()}\n\t\t\t\t<\/script>\n\t\t\t<\/rs-module-wrap>\n\t\t\t<!-- END REVOLUTION SLIDER -->\n[\/vc_column][\/vc_row][vc_row full_width=&#8221;stretch_row&#8221; css=&#8221;.vc_custom_1555503449323{padding-top: 7px !important;padding-bottom: 7px !important;background-color: #000000 !important;}&#8221;][vc_column offset=&#8221;vc_hidden-lg vc_hidden-md vc_hidden-sm vc_hidden-xs&#8221;][vc_column_text]<\/p>\n<p style=\"text-align: center;\"><span style=\"color: #ffffff;\"><strong>Sziasztok!<\/strong><\/span><\/p>\n<p style=\"text-align: center;\"><span style=\"color: #ffffff;\"><strong>Ez \u00faton is \u00e9rtes\u00edt\u00fcnk mindenkit, hogy az al\u00e1bbi koroszt\u00e1lyoknak a felk\u00e9sz\u00fcl\u00e9s, a tervezett m\u00f3don 2022.augusztus 1-\u00e9n kezd\u0151dik!<\/strong><\/span><\/p>\n<p style=\"text-align: center;\"><span style=\"color: #ffffff;\"><strong>\u00a0<\/strong><\/span><\/p>\n<p style=\"text-align: center;\"><span style=\"color: #ffffff;\"><strong>L\u00e1nyok: 2011\/2010\/2009\/2008\/2007\/2006\/2005 \u00e9s az NB I-es csapat<\/strong><\/span><\/p>\n<p style=\"text-align: center;\"><span style=\"color: #ffffff;\"><strong>Fi\u00fak: 2010\/2009\/2008\/2007\/2006\/2005\/2004\/2003 \u00e9s az NB II-es csapat<\/strong><\/span><\/p>\n<p style=\"text-align: center;\"><span style=\"color: #ffffff;\"><strong>\u00a0<\/strong><\/span><\/p>\n<p style=\"text-align: center;\"><span style=\"color: #ffffff;\"><strong>Sok v\u00e1ltoz\u00e1s lesz a 2022\/23-as szezonban!<\/strong><\/span><\/p>\n<p style=\"text-align: center;\"><span style=\"color: #ffffff;\"><strong>A pontos kezd\u00e9si id\u0151pontokr\u00f3l e-mailben k\u00fcld\u00fcnk \u00e9rtes\u00edt\u00e9st!<\/strong><\/span><\/p>\n<p style=\"text-align: center;\"><span style=\"color: #ffffff;\"><strong>K\u00e9r\u00fcnk mindenkit, hogy augusztus 1-\u00e9n legyen ott a megadott id\u0151pontokban!\u00a0\u00a0\u00a0\u00a0\u00a0\u00a0 <\/strong><\/span><\/p>\n<p>[\/vc_column_text][\/vc_column][\/vc_row][vc_row full_width=&#8221;stretch_row&#8221; css=&#8221;.vc_custom_1555503449323{padding-top: 7px !important;padding-bottom: 7px !important;background-color: #000000 !important;}&#8221;][vc_column][vc_column_text]<\/p>\n<p style=\"text-align: center;\"><span style=\"color: #ffffff;\">Tisztelt T\u00e1mogat\u00f3k, Kedves Sz\u00fcl\u0151k!\u00a0<\/span><br \/>\n<span style=\"color: #ffffff;\">K\u00e9rj\u00fck id\u00e9n is t\u00e1mogass\u00e1k ad\u00f3juk 1%-\u00e1val az egyes\u00fclet\u00fcnkben foly\u00f3 ut\u00e1np\u00f3tl\u00e1s nevel\u0151 munk\u00e1nkat! Az \u00edgy befolyt \u00f6sszeget a gyerekek k\u00e9pz\u00e9s\u00e9re, felszerel\u00e9s \u00e9s eszk\u00f6z v\u00e1s\u00e1rl\u00e1sra ford\u00edtjuk. Ad\u00f3sz\u00e1munk: 18720363-1-13 (Rado KSE)<br \/>\nEgyes\u00fclet\u00fcnk az elm\u00falt \u00e9vben az \u00d6n\u00f6k t\u00e1mogat\u00e1s\u00e1val 394\u00a0218.-Ft t\u00e1mogat\u00e1shoz jutott!<br \/>\nSeg\u00edts\u00e9g\u00fcket k\u00f6sz\u00f6nj\u00fck!<\/span><\/p>\n<p>[\/vc_column_text][\/vc_column][\/vc_row][vc_row full_width=&#8221;stretch_row&#8221; css=&#8221;.vc_custom_1462188886536{padding-top: 7px !important;padding-bottom: 7px !important;background-color: #f0f0f0 !important;}&#8221;][vc_column][vc_empty_space][stm_news_tabs title=&#8221;H\u00edrek&#8221; post_categories=&#8221;hirek&#8221;][vc_column_text](az \u00f6sszes h\u00edrt a <a href=\"https:\/\/kosar.radobasket.hu\/index.php\/news\/\">H\u00edrek<\/a> men\u00fcpontban olvashatod)[\/vc_column_text][\/vc_column][\/vc_row][vc_row][vc_column][vc_empty_space][\/vc_column][\/vc_row][vc_row][vc_column][vc_custom_heading text=&#8221;Kiemelt vide\u00f3ink&#8221; use_theme_fonts=&#8221;yes&#8221;][\/vc_column][\/vc_row][vc_row full_width=&#8221;stretch_row&#8221; css=&#8221;.vc_custom_1537347649572{background-color: #000000 !important;}&#8221;][vc_column][vc_video link=&#8221;https:\/\/www.youtube.com\/embed\/4j27Vl-gITA&#8221; el_width=&#8221;80&#8243; align=&#8221;center&#8221;][\/vc_column][\/vc_row][vc_row css=&#8221;.vc_custom_1462184582337{margin-bottom: 42px !important;}&#8221;][vc_column][stm_media_tabs][vc_column_text]A teljes gal\u00e9ri\u00e1t a <a href=\"http:\/\/dolphinx.eu\/test\/rado\/index.php\/media\/\">M\u00c9DIA<\/a> men\u00fcben l\u00e1thatj\u00e1tok[\/vc_column_text][\/vc_column][\/vc_row]<\/p>\n<\/div>","protected":false},"excerpt":{"rendered":"<p>[vc_row][vc_column][\/vc_column][\/vc_row][vc_row full_width=&#8221;stretch_row&#8221; css=&#8221;.vc_custom_1555503449323{padding-top: 7px !important;padding-bottom: 7px !important;background-color: #000000 !important;}&#8221;][vc_column offset=&#8221;vc_hidden-lg vc_hidden-md vc_hidden-sm vc_hidden-xs&#8221;][vc_column_text] Sziasztok! Ez \u00faton is \u00e9rtes\u00edt\u00fcnk mindenkit, hogy az al\u00e1bbi koroszt\u00e1lyoknak a felk\u00e9sz\u00fcl\u00e9s, a tervezett m\u00f3don 2022.augusztus 1-\u00e9n kezd\u0151dik! \u00a0 L\u00e1nyok: 2011\/2010\/2009\/2008\/2007\/2006\/2005 \u00e9s az NB I-es csapat Fi\u00fak: 2010\/2009\/2008\/2007\/2006\/2005\/2004\/2003 \u00e9s az NB II-es csapat \u00a0 Sok v\u00e1ltoz\u00e1s lesz a 2022\/23-as szezonban! A pontos&#8230;<\/p>\n","protected":false},"author":1,"featured_media":0,"parent":0,"menu_order":0,"comment_status":"closed","ping_status":"closed","template":"","meta":{"footnotes":""},"class_list":["post-84","page","type-page","status-publish","hentry"],"_links":{"self":[{"href":"https:\/\/bdsebasket.hu\/index.php\/wp-json\/wp\/v2\/pages\/84","targetHints":{"allow":["GET"]}}],"collection":[{"href":"https:\/\/bdsebasket.hu\/index.php\/wp-json\/wp\/v2\/pages"}],"about":[{"href":"https:\/\/bdsebasket.hu\/index.php\/wp-json\/wp\/v2\/types\/page"}],"author":[{"embeddable":true,"href":"https:\/\/bdsebasket.hu\/index.php\/wp-json\/wp\/v2\/users\/1"}],"replies":[{"embeddable":true,"href":"https:\/\/bdsebasket.hu\/index.php\/wp-json\/wp\/v2\/comments?post=84"}],"version-history":[{"count":259,"href":"https:\/\/bdsebasket.hu\/index.php\/wp-json\/wp\/v2\/pages\/84\/revisions"}],"predecessor-version":[{"id":5187,"href":"https:\/\/bdsebasket.hu\/index.php\/wp-json\/wp\/v2\/pages\/84\/revisions\/5187"}],"wp:attachment":[{"href":"https:\/\/bdsebasket.hu\/index.php\/wp-json\/wp\/v2\/media?parent=84"}],"curies":[{"name":"wp","href":"https:\/\/api.w.org\/{rel}","templated":true}]}}