{"id":709,"date":"2016-05-10T09:55:45","date_gmt":"2016-05-10T09:55:45","guid":{"rendered":"http:\/\/basketball.stylemixthemes.com\/?page_id=709"},"modified":"2021-11-30T16:49:11","modified_gmt":"2021-11-30T16:49:11","slug":"kapcsolat","status":"publish","type":"page","link":"https:\/\/bdsebasket.hu\/index.php\/kapcsolat\/","title":{"rendered":"Kapcsolat"},"content":{"rendered":"<div class=\"wpb-content-wrapper\"><p>[vc_row css=&#8221;.vc_custom_1490630684901{margin-top: px !important;margin-bottom: 90px !important;}&#8221;][vc_column width=&#8221;2\/3&#8243;][vc_column_text css=&#8221;.vc_custom_1537348992131{margin-bottom: 45px !important;}&#8221;]<\/p>\n<h5 style=\"letter-spacing: 0.8px; margin-bottom: 30px;\">H\u00c9TF\u0150T\u0150L VAS\u00c1RNAPIG FOLYIK A MUNKA<\/h5>\n<p>[\/vc_column_text][vc_row_inner][vc_column_inner width=&#8221;1\/2&#8243;][stm_contact_info title=&#8221;Radovics J\u00f3zsef&#8221; subtitle=&#8221;Szakoszt\u00e1lyvezet\u0151&#8221; phone=&#8221;+36 20 950 2044&#8243; email=&#8221;radobasket@radobasket.hu&#8221;][\/vc_column_inner][vc_column_inner width=&#8221;1\/2&#8243;][\/vc_column_inner][\/vc_row_inner][\/vc_column][vc_column width=&#8221;1\/3&#8243;][vc_row_inner][vc_column_inner][vc_column_text css=&#8221;.vc_custom_1490006391181{margin-bottom: 30px !important;}&#8221;]<\/p>\n<h3>\u00cdRJ NEK\u00dcNK<\/h3>\n<p>[\/vc_column_text][\/vc_column_inner][\/vc_row_inner]\n<div class=\"wpcf7 no-js\" id=\"wpcf7-f89-o1\" lang=\"en-US\" dir=\"ltr\" data-wpcf7-id=\"89\">\n<div class=\"screen-reader-response\"><p role=\"status\" aria-live=\"polite\" aria-atomic=\"true\"><\/p> <ul><\/ul><\/div>\n<form action=\"\/index.php\/wp-json\/wp\/v2\/pages\/709#wpcf7-f89-o1\" method=\"post\" class=\"wpcf7-form init\" aria-label=\"Contact form\" novalidate=\"novalidate\" data-status=\"init\">\n<fieldset class=\"hidden-fields-container\"><input type=\"hidden\" name=\"_wpcf7\" value=\"89\" \/><input type=\"hidden\" name=\"_wpcf7_version\" value=\"6.1.5\" \/><input type=\"hidden\" name=\"_wpcf7_locale\" value=\"en_US\" \/><input type=\"hidden\" name=\"_wpcf7_unit_tag\" value=\"wpcf7-f89-o1\" \/><input type=\"hidden\" name=\"_wpcf7_container_post\" value=\"0\" \/><input type=\"hidden\" name=\"_wpcf7_posted_data_hash\" value=\"\" \/>\n<\/fieldset>\n<p><span class=\"wpcf7-form-control-wrap\" data-name=\"your-subject\"><input size=\"40\" maxlength=\"400\" class=\"wpcf7-form-control wpcf7-text style-2\" aria-invalid=\"false\" placeholder=\"T\u00e1rgy\" value=\"\" type=\"text\" name=\"your-subject\" \/><\/span>\n<\/p>\n<p><span class=\"wpcf7-form-control-wrap\" data-name=\"your-name\"><input size=\"40\" maxlength=\"400\" class=\"wpcf7-form-control wpcf7-text wpcf7-validates-as-required style-2\" aria-required=\"true\" aria-invalid=\"false\" placeholder=\"Neved\" value=\"\" type=\"text\" name=\"your-name\" \/><\/span>\n<\/p>\n<p><span class=\"wpcf7-form-control-wrap\" data-name=\"your-email\"><input size=\"40\" maxlength=\"400\" class=\"wpcf7-form-control wpcf7-email wpcf7-validates-as-required wpcf7-text wpcf7-validates-as-email style-2\" aria-required=\"true\" aria-invalid=\"false\" placeholder=\"E-mail c\u00edmed\" value=\"\" type=\"email\" name=\"your-email\" \/><\/span>\n<\/p>\n<p><span class=\"wpcf7-form-control-wrap\" data-name=\"your-message\"><textarea cols=\"40\" rows=\"10\" maxlength=\"2000\" class=\"wpcf7-form-control wpcf7-textarea style-2\" aria-invalid=\"false\" placeholder=\"\u00dczenet\" name=\"your-message\"><\/textarea><\/span>\n<\/p>\n<p><input class=\"wpcf7-form-control wpcf7-submit has-spinner btn-md\" type=\"submit\" value=\"K\u00fcld\u00e9s\" \/>\n<\/p><input type='hidden' class='wpcf7-pum' value='{\"closepopup\":false,\"closedelay\":0,\"openpopup\":false,\"openpopup_id\":0}' \/><div class=\"wpcf7-response-output\" aria-hidden=\"true\"><\/div>\n<\/form>\n<\/div>\n[\/vc_column][\/vc_row]<\/p>\n<\/div>","protected":false},"excerpt":{"rendered":"<p>[vc_row css=&#8221;.vc_custom_1490630684901{margin-top: px !important;margin-bottom: 90px !important;}&#8221;][vc_column width=&#8221;2\/3&#8243;][vc_column_text css=&#8221;.vc_custom_1537348992131{margin-bottom: 45px !important;}&#8221;] H\u00c9TF\u0150T\u0150L VAS\u00c1RNAPIG FOLYIK A MUNKA [\/vc_column_text][vc_row_inner][vc_column_inner width=&#8221;1\/2&#8243;][stm_contact_info title=&#8221;Radovics J\u00f3zsef&#8221; subtitle=&#8221;Szakoszt\u00e1lyvezet\u0151&#8221; phone=&#8221;+36 20 950 2044&#8243; email=&#8221;radobasket@radobasket.hu&#8221;][\/vc_column_inner][vc_column_inner width=&#8221;1\/2&#8243;][\/vc_column_inner][\/vc_row_inner][\/vc_column][vc_column width=&#8221;1\/3&#8243;][vc_row_inner][vc_column_inner][vc_column_text css=&#8221;.vc_custom_1490006391181{margin-bottom: 30px !important;}&#8221;] \u00cdRJ NEK\u00dcNK [\/vc_column_text][\/vc_column_inner][\/vc_row_inner][\/vc_column][\/vc_row]<\/p>\n","protected":false},"author":1,"featured_media":0,"parent":0,"menu_order":0,"comment_status":"closed","ping_status":"closed","template":"","meta":{"footnotes":""},"class_list":["post-709","page","type-page","status-publish","hentry"],"_links":{"self":[{"href":"https:\/\/bdsebasket.hu\/index.php\/wp-json\/wp\/v2\/pages\/709","targetHints":{"allow":["GET"]}}],"collection":[{"href":"https:\/\/bdsebasket.hu\/index.php\/wp-json\/wp\/v2\/pages"}],"about":[{"href":"https:\/\/bdsebasket.hu\/index.php\/wp-json\/wp\/v2\/types\/page"}],"author":[{"embeddable":true,"href":"https:\/\/bdsebasket.hu\/index.php\/wp-json\/wp\/v2\/users\/1"}],"replies":[{"embeddable":true,"href":"https:\/\/bdsebasket.hu\/index.php\/wp-json\/wp\/v2\/comments?post=709"}],"version-history":[{"count":34,"href":"https:\/\/bdsebasket.hu\/index.php\/wp-json\/wp\/v2\/pages\/709\/revisions"}],"predecessor-version":[{"id":5152,"href":"https:\/\/bdsebasket.hu\/index.php\/wp-json\/wp\/v2\/pages\/709\/revisions\/5152"}],"wp:attachment":[{"href":"https:\/\/bdsebasket.hu\/index.php\/wp-json\/wp\/v2\/media?parent=709"}],"curies":[{"name":"wp","href":"https:\/\/api.w.org\/{rel}","templated":true}]}}