{"id":5037,"date":"2021-02-11T08:59:03","date_gmt":"2021-02-11T08:59:03","guid":{"rendered":"https:\/\/kosar.radobasket.hu\/?page_id=5037"},"modified":"2021-05-28T08:58:02","modified_gmt":"2021-05-28T08:58:02","slug":"radosport-kft","status":"publish","type":"page","link":"https:\/\/bdsebasket.hu\/index.php\/radosport-kft\/","title":{"rendered":"RADOsport Kft"},"content":{"rendered":"<div class=\"wpb-content-wrapper\"><p>[vc_row css=&#8221;.vc_custom_1555503152088{margin-top: -50px !important;}&#8221;][vc_column][vc_custom_heading text=&#8221;TAO dokumentumok&#8221; use_theme_fonts=&#8221;yes&#8221;][vc_separator color=&#8221;custom&#8221; align=&#8221;align_left&#8221; el_width=&#8221;10&#8243; accent_color=&#8221;#000000&#8243;][vc_empty_space][vc_column_text]<strong>2021\/2022<\/strong>[\/vc_column_text][vc_column_text]<a href=\"https:\/\/kosar.radobasket.hu\/wp-content\/uploads\/2021\/05\/TAO-2021_22-kerelem-Radosport-Kft.pdf\">RADOsport Kft K\u00c9RELEM let\u00f6lt\u00e9se<\/a><\/p>\n<p><a href=\"https:\/\/kosar.radobasket.hu\/wp-content\/uploads\/2021\/05\/TAO-2021_22-SFP-hatarozat-Radosport-Kft.pdf\">RADOsport Kft HAT\u00c1ROZAT let\u00f6lt\u00e9se<\/a>[\/vc_column_text][vc_column_text]<strong>2020\/2021<\/strong>[\/vc_column_text][vc_column_text]<a href=\"https:\/\/kosar.radobasket.hu\/wp-content\/uploads\/2021\/02\/HATAROZAT.pdf\">RADOsport Kft HATAROZAT let\u00f6lt\u00e9se<\/a><\/p>\n<p><a href=\"https:\/\/kosar.radobasket.hu\/wp-content\/uploads\/2021\/02\/PROGRAM.pdf\">RADOsport Kft K\u00c9RELEM let\u00f6lt\u00e9se<\/a>[\/vc_column_text][\/vc_column][\/vc_row]<\/p>\n<\/div>","protected":false},"excerpt":{"rendered":"<p>[vc_row css=&#8221;.vc_custom_1555503152088{margin-top: -50px !important;}&#8221;][vc_column][vc_custom_heading text=&#8221;TAO dokumentumok&#8221; use_theme_fonts=&#8221;yes&#8221;][vc_separator color=&#8221;custom&#8221; align=&#8221;align_left&#8221; el_width=&#8221;10&#8243; accent_color=&#8221;#000000&#8243;][vc_empty_space][vc_column_text]2021\/2022[\/vc_column_text][vc_column_text]RADOsport Kft K\u00c9RELEM let\u00f6lt\u00e9se RADOsport Kft HAT\u00c1ROZAT let\u00f6lt\u00e9se[\/vc_column_text][vc_column_text]2020\/2021[\/vc_column_text][vc_column_text]RADOsport Kft HATAROZAT let\u00f6lt\u00e9se RADOsport Kft K\u00c9RELEM let\u00f6lt\u00e9se[\/vc_column_text][\/vc_column][\/vc_row]<\/p>\n","protected":false},"author":1,"featured_media":0,"parent":0,"menu_order":0,"comment_status":"closed","ping_status":"closed","template":"","meta":{"footnotes":""},"class_list":["post-5037","page","type-page","status-publish","hentry"],"_links":{"self":[{"href":"https:\/\/bdsebasket.hu\/index.php\/wp-json\/wp\/v2\/pages\/5037","targetHints":{"allow":["GET"]}}],"collection":[{"href":"https:\/\/bdsebasket.hu\/index.php\/wp-json\/wp\/v2\/pages"}],"about":[{"href":"https:\/\/bdsebasket.hu\/index.php\/wp-json\/wp\/v2\/types\/page"}],"author":[{"embeddable":true,"href":"https:\/\/bdsebasket.hu\/index.php\/wp-json\/wp\/v2\/users\/1"}],"replies":[{"embeddable":true,"href":"https:\/\/bdsebasket.hu\/index.php\/wp-json\/wp\/v2\/comments?post=5037"}],"version-history":[{"count":8,"href":"https:\/\/bdsebasket.hu\/index.php\/wp-json\/wp\/v2\/pages\/5037\/revisions"}],"predecessor-version":[{"id":5131,"href":"https:\/\/bdsebasket.hu\/index.php\/wp-json\/wp\/v2\/pages\/5037\/revisions\/5131"}],"wp:attachment":[{"href":"https:\/\/bdsebasket.hu\/index.php\/wp-json\/wp\/v2\/media?parent=5037"}],"curies":[{"name":"wp","href":"https:\/\/api.w.org\/{rel}","templated":true}]}}