{"id":4907,"date":"2020-03-22T15:06:14","date_gmt":"2020-03-22T15:06:14","guid":{"rendered":"https:\/\/kosar.radobasket.hu\/?page_id=4907"},"modified":"2020-03-27T18:21:32","modified_gmt":"2020-03-27T18:21:32","slug":"gyogytorna-3","status":"publish","type":"page","link":"https:\/\/bdsebasket.hu\/index.php\/gyogytorna-3\/","title":{"rendered":"Motiv\u00e1ci\u00f3s vide\u00f3k"},"content":{"rendered":"<div class=\"wpb-content-wrapper\"><p>[vc_row css=&#8221;.vc_custom_1555503152088{margin-top: -50px !important;}&#8221;][vc_column][vc_empty_space][\/vc_column][\/vc_row][vc_row][vc_column][vc_custom_heading text=&#8221;Motiv\u00e1ci\u00f3s vide\u00f3k&#8221; use_theme_fonts=&#8221;yes&#8221;][vc_separator color=&#8221;custom&#8221; align=&#8221;align_left&#8221; el_width=&#8221;10&#8243; accent_color=&#8221;#000000&#8243;][vc_empty_space][\/vc_column][\/vc_row][vc_row][vc_column][vc_video link=&#8221;https:\/\/www.youtube.com\/watch?v=aYrmKlAR0g0&#8243; el_width=&#8221;60&#8243;][\/vc_column][\/vc_row][vc_row][vc_column][vc_video link=&#8221;https:\/\/www.youtube.com\/watch?v=fo73XAMka78&#8243; el_width=&#8221;60&#8243;][\/vc_column][\/vc_row][vc_row][vc_column][vc_video link=&#8221;https:\/\/www.youtube.com\/watch?v=iHIx48ryBWA&#8221; el_width=&#8221;60&#8243;][\/vc_column][\/vc_row][vc_row][vc_column][vc_video link=&#8221;https:\/\/www.youtube.com\/watch?v=AuN62H3uWKk&amp;list=PLNpbqPwecfYOEF0tt5NMUDsr35iGI3_p7&amp;index=5&amp;t=0s&#8221; el_width=&#8221;60&#8243;][\/vc_column][\/vc_row][vc_row][vc_column][vc_video link=&#8221;https:\/\/www.youtube.com\/watch?v=Gpvhsbqyuic&amp;list=PLNpbqPwecfYOEF0tt5NMUDsr35iGI3_p7&amp;index=13&#8243; el_width=&#8221;60&#8243;][\/vc_column][\/vc_row][vc_row][vc_column][vc_video link=&#8221;https:\/\/www.youtube.com\/watch?v=tdmyoMe4iHM&#8221; el_width=&#8221;60&#8243;][\/vc_column][\/vc_row][vc_row][vc_column][vc_video link=&#8221;https:\/\/www.youtube.com\/watch?v=xsfPuS1mlmU&amp;list=PLNpbqPwecfYOEF0tt5NMUDsr35iGI3_p7&amp;index=6&amp;t=1s&#8221; el_width=&#8221;60&#8243;][\/vc_column][\/vc_row][vc_row][vc_column][vc_video link=&#8221;https:\/\/www.youtube.com\/watch?v=LREn4Zf73YE&#8221; el_width=&#8221;60&#8243;][\/vc_column][\/vc_row][vc_row][vc_column][vc_video link=&#8221;https:\/\/www.youtube.com\/watch?v=nGxP6htreSg&amp;list=PLNpbqPwecfYOEF0tt5NMUDsr35iGI3_p7&amp;index=16&amp;t=0s&#8221; el_width=&#8221;60&#8243;][\/vc_column][\/vc_row]<\/p>\n<\/div>","protected":false},"excerpt":{"rendered":"<p>[vc_row css=&#8221;.vc_custom_1555503152088{margin-top: -50px !important;}&#8221;][vc_column][vc_empty_space][\/vc_column][\/vc_row][vc_row][vc_column][vc_custom_heading text=&#8221;Motiv\u00e1ci\u00f3s vide\u00f3k&#8221; use_theme_fonts=&#8221;yes&#8221;][vc_separator color=&#8221;custom&#8221; align=&#8221;align_left&#8221; el_width=&#8221;10&#8243; accent_color=&#8221;#000000&#8243;][vc_empty_space][\/vc_column][\/vc_row][vc_row][vc_column][vc_video link=&#8221;https:\/\/www.youtube.com\/watch?v=aYrmKlAR0g0&#8243; el_width=&#8221;60&#8243;][\/vc_column][\/vc_row][vc_row][vc_column][vc_video link=&#8221;https:\/\/www.youtube.com\/watch?v=fo73XAMka78&#8243; el_width=&#8221;60&#8243;][\/vc_column][\/vc_row][vc_row][vc_column][vc_video link=&#8221;https:\/\/www.youtube.com\/watch?v=iHIx48ryBWA&#8221; el_width=&#8221;60&#8243;][\/vc_column][\/vc_row][vc_row][vc_column][vc_video link=&#8221;https:\/\/www.youtube.com\/watch?v=AuN62H3uWKk&amp;list=PLNpbqPwecfYOEF0tt5NMUDsr35iGI3_p7&amp;index=5&amp;t=0s&#8221; el_width=&#8221;60&#8243;][\/vc_column][\/vc_row][vc_row][vc_column][vc_video link=&#8221;https:\/\/www.youtube.com\/watch?v=Gpvhsbqyuic&amp;list=PLNpbqPwecfYOEF0tt5NMUDsr35iGI3_p7&amp;index=13&#8243; el_width=&#8221;60&#8243;][\/vc_column][\/vc_row][vc_row][vc_column][vc_video link=&#8221;https:\/\/www.youtube.com\/watch?v=tdmyoMe4iHM&#8221; el_width=&#8221;60&#8243;][\/vc_column][\/vc_row][vc_row][vc_column][vc_video link=&#8221;https:\/\/www.youtube.com\/watch?v=xsfPuS1mlmU&amp;list=PLNpbqPwecfYOEF0tt5NMUDsr35iGI3_p7&amp;index=6&amp;t=1s&#8221; el_width=&#8221;60&#8243;][\/vc_column][\/vc_row][vc_row][vc_column][vc_video link=&#8221;https:\/\/www.youtube.com\/watch?v=LREn4Zf73YE&#8221; el_width=&#8221;60&#8243;][\/vc_column][\/vc_row][vc_row][vc_column][vc_video link=&#8221;https:\/\/www.youtube.com\/watch?v=nGxP6htreSg&amp;list=PLNpbqPwecfYOEF0tt5NMUDsr35iGI3_p7&amp;index=16&amp;t=0s&#8221; el_width=&#8221;60&#8243;][\/vc_column][\/vc_row]<\/p>\n","protected":false},"author":1,"featured_media":0,"parent":0,"menu_order":0,"comment_status":"closed","ping_status":"closed","template":"","meta":{"footnotes":""},"class_list":["post-4907","page","type-page","status-publish","hentry"],"_links":{"self":[{"href":"https:\/\/bdsebasket.hu\/index.php\/wp-json\/wp\/v2\/pages\/4907","targetHints":{"allow":["GET"]}}],"collection":[{"href":"https:\/\/bdsebasket.hu\/index.php\/wp-json\/wp\/v2\/pages"}],"about":[{"href":"https:\/\/bdsebasket.hu\/index.php\/wp-json\/wp\/v2\/types\/page"}],"author":[{"embeddable":true,"href":"https:\/\/bdsebasket.hu\/index.php\/wp-json\/wp\/v2\/users\/1"}],"replies":[{"embeddable":true,"href":"https:\/\/bdsebasket.hu\/index.php\/wp-json\/wp\/v2\/comments?post=4907"}],"version-history":[{"count":6,"href":"https:\/\/bdsebasket.hu\/index.php\/wp-json\/wp\/v2\/pages\/4907\/revisions"}],"predecessor-version":[{"id":4947,"href":"https:\/\/bdsebasket.hu\/index.php\/wp-json\/wp\/v2\/pages\/4907\/revisions\/4947"}],"wp:attachment":[{"href":"https:\/\/bdsebasket.hu\/index.php\/wp-json\/wp\/v2\/media?parent=4907"}],"curies":[{"name":"wp","href":"https:\/\/api.w.org\/{rel}","templated":true}]}}