{"id":4794,"date":"2020-02-17T08:00:34","date_gmt":"2020-02-17T08:00:34","guid":{"rendered":"https:\/\/kosar.radobasket.hu\/?page_id=4794"},"modified":"2025-09-10T22:14:18","modified_gmt":"2025-09-10T22:14:18","slug":"3r-basket-2","status":"publish","type":"page","link":"https:\/\/bdsebasket.hu\/index.php\/3r-basket-2\/","title":{"rendered":"Edz\u00e9seink"},"content":{"rendered":"<div class=\"wpb-content-wrapper\"><p>[vc_row css=&#8221;.vc_custom_1555503152088{margin-top: -50px !important;}&#8221;][vc_column][vc_empty_space][vc_column_text css=&#8221;&#8221;]<\/p>\n<h2>U16 BDSEbasket \u2013 Herman &amp; TBSK<\/h2>\n<p>h\u00e9tf\u0151\u00a0\u00a0\u00a0\u00a0\u00a0\u00a0\u00a0\u00a0\u00a0\u00a0\u00a0 17.00-18.30 \u00a0 \u00a0 \u00a0 \u00a0 &#8211; \u00a0 \u00a0 \u00a0 TBSK<u><\/u><u><\/u><\/p>\n<p>kedd \u00a0 \u00a0 \u00a0 \u00a0 \u00a0 \u00a019.30-21.00 \u00a0 \u00a0 \u00a0 \u00a0 &#8211; \u00a0 \u00a0 \u00a0 Herman<\/p>\n<p>szerda\u00a0\u00a0\u00a0\u00a0\u00a0\u00a0\u00a0\u00a0 16.30-18.00 \u00a0 \u00a0 \u00a0 \u00a0 &#8211; \u00a0 \u00a0 \u00a0 TBSK<u><\/u><u><\/u><\/p>\n<p>cs\u00fct\u00f6rt\u00f6k \u00a0 \u00a0 \u00a0 \u00a0 \u00a0 \u00a019.30-21.00 \u00a0 \u00a0 \u00a0 \u00a0 &#8211; \u00a0 \u00a0 \u00a0 Herman<\/p>\n<p>p\u00e9ntek\u00a0\u00a0\u00a0\u00a0\u00a0\u00a0\u00a0\u00a0 18.00-19.30 \u00a0 \u00a0 \u00a0 \u00a0 &#8211; \u00a0 \u00a0 \u00a0 Herman<\/p>\n<hr \/>\n<h2>U19 BDSEbasket\u2013 Herman &amp; TBSK<\/h2>\n<p>h\u00e9tf\u0151\u00a0\u00a0\u00a0\u00a0\u00a0\u00a0\u00a0\u00a0\u00a0\u00a0\u00a0 18.30-20.30 \u00a0 \u00a0 \u00a0 \u00a0 &#8211; \u00a0 \u00a0 \u00a0 Herman\u00a0<u><\/u><u><\/u><\/p>\n<p>kedd \u00a0 \u00a0 \u00a0 \u00a0 18.00-20.00 \u00a0 \u00a0 \u00a0 \u00a0 &#8211; \u00a0 \u00a0 \u00a0 TBSK\u00a0<u><\/u><u><\/u><\/p>\n<p>szerda \u00a0 \u00a0 \u00a0 \u00a0 19.00-21.00 \u00a0 \u00a0 \u00a0 \u00a0 &#8211; \u00a0 \u00a0 \u00a0 Herman<\/p>\n<p>cs\u00fct\u00f6rt\u00f6k \u00a0 \u00a0 \u00a0 \u00a0 18.00-20.00 \u00a0 \u00a0 \u00a0 \u00a0 &#8211; \u00a0 \u00a0 \u00a0 Herman<\/p>\n<p>p\u00e9ntek \u00a0 \u00a0 \u00a0 \u00a0 19.30-21.00 \u00a0 \u00a0 \u00a0 \u00a0 &#8211; \u00a0 \u00a0 \u00a0 Herman[\/vc_column_text][\/vc_column][\/vc_row]<\/p>\n<\/div>","protected":false},"excerpt":{"rendered":"<p>[vc_row css=&#8221;.vc_custom_1555503152088{margin-top: -50px !important;}&#8221;][vc_column][vc_empty_space][vc_column_text css=&#8221;&#8221;] U16 BDSEbasket \u2013 Herman &amp; TBSK h\u00e9tf\u0151\u00a0\u00a0\u00a0\u00a0\u00a0\u00a0\u00a0\u00a0\u00a0\u00a0\u00a0 17.00-18.30 \u00a0 \u00a0 \u00a0 \u00a0 &#8211; \u00a0 \u00a0 \u00a0 TBSK kedd \u00a0 \u00a0 \u00a0 \u00a0 \u00a0 \u00a019.30-21.00 \u00a0 \u00a0 \u00a0 \u00a0 &#8211; \u00a0 \u00a0 \u00a0 Herman szerda\u00a0\u00a0\u00a0\u00a0\u00a0\u00a0\u00a0\u00a0 16.30-18.00 \u00a0 \u00a0 \u00a0 \u00a0 &#8211; \u00a0 \u00a0 \u00a0 TBSK cs\u00fct\u00f6rt\u00f6k \u00a0 \u00a0 \u00a0 \u00a0 \u00a0&#8230;<\/p>\n","protected":false},"author":1,"featured_media":0,"parent":0,"menu_order":0,"comment_status":"closed","ping_status":"closed","template":"","meta":{"footnotes":""},"class_list":["post-4794","page","type-page","status-publish","hentry"],"_links":{"self":[{"href":"https:\/\/bdsebasket.hu\/index.php\/wp-json\/wp\/v2\/pages\/4794","targetHints":{"allow":["GET"]}}],"collection":[{"href":"https:\/\/bdsebasket.hu\/index.php\/wp-json\/wp\/v2\/pages"}],"about":[{"href":"https:\/\/bdsebasket.hu\/index.php\/wp-json\/wp\/v2\/types\/page"}],"author":[{"embeddable":true,"href":"https:\/\/bdsebasket.hu\/index.php\/wp-json\/wp\/v2\/users\/1"}],"replies":[{"embeddable":true,"href":"https:\/\/bdsebasket.hu\/index.php\/wp-json\/wp\/v2\/comments?post=4794"}],"version-history":[{"count":13,"href":"https:\/\/bdsebasket.hu\/index.php\/wp-json\/wp\/v2\/pages\/4794\/revisions"}],"predecessor-version":[{"id":5205,"href":"https:\/\/bdsebasket.hu\/index.php\/wp-json\/wp\/v2\/pages\/4794\/revisions\/5205"}],"wp:attachment":[{"href":"https:\/\/bdsebasket.hu\/index.php\/wp-json\/wp\/v2\/media?parent=4794"}],"curies":[{"name":"wp","href":"https:\/\/api.w.org\/{rel}","templated":true}]}}