{"id":1358,"date":"2017-03-06T15:40:40","date_gmt":"2017-03-06T15:40:40","guid":{"rendered":"http:\/\/dolphinx.eu\/test\/vasasnoi\/?page_id=1358"},"modified":"2017-10-16T12:53:41","modified_gmt":"2017-10-16T12:53:41","slug":"kadett","status":"publish","type":"page","link":"https:\/\/bdsebasket.hu\/index.php\/kadett\/","title":{"rendered":"Kadett"},"content":{"rendered":"<div class=\"wpb-content-wrapper\"><p>[vc_row css=&#8221;.vc_custom_1506529323235{margin-top: -60px !important;}&#8221;][vc_column][vc_custom_heading text=&#8221;KADETT CSAPATUNK&#8221; use_theme_fonts=&#8221;yes&#8221;][\/vc_column][\/vc_row][vc_row][vc_column][vc_tta_tabs][vc_tta_section title=&#8221;H\u00cdREK&#8221; tab_id=&#8221;1506525035630-65499489-c681&#8243;][stm_news_tabs title=&#8221;H\u00edrek&#8221; number=&#8221;6&#8243; post_categories=&#8221;kadett&#8221;][\/vc_tta_section][vc_tta_section title=&#8221;CSAPAT&#8221; tab_id=&#8221;1506525035663-dbc3fd61-a6a9&#8243;][vc_single_image image=&#8221;3287&#8243; img_size=&#8221;large&#8221; alignment=&#8221;center&#8221;][\/vc_tta_section][vc_tta_section title=&#8221;J\u00c1T\u00c9KOSOK&#8221; tab_id=&#8221;1506525078147-10bf087e-ae79&#8243;][vc_column_text]<div class=\"sportspress\"><div class=\"sp-template sp-template-player-list\"><div class=\"sp-table-wrapper\"><table class=\"sp-player-list sp-data-table sp-sortable-table sp-scrollable-table\" data-sp-rows=\"20\"><thead><tr><th class=\"data-rank\">Rank<\/th><th class=\"data-name\">J\u00e1t\u00e9kos<\/th><th class=\"data-team\">Csapat<\/th><th class=\"data-position\">Poz\u00edci\u00f3<\/th><\/tr><\/thead><tbody><tr class=\"odd\"><td class=\"data-rank\" data-label=\"#\">1<\/td><td class=\"data-name has-photo\" data-label=\"J\u00e1t\u00e9kos\"><a href=\"https:\/\/bdsebasket.hu\/index.php\/player\/gombos-daniel\/\"><span class=\"player-flag\"><img decoding=\"async\" src=\"https:\/\/bdsebasket.hu\/wp-content\/plugins\/sportspress\/assets\/images\/flags\/hun.png\" alt=\"hun\"><\/span>Gombos D\u00e1niel<\/a><\/td><td class=\"data-team\" data-label=\"Csapat\">Buda\u00f6rsi DSE<\/td><td class=\"data-position\" data-label=\"Poz\u00edci\u00f3\">2<\/td><\/tr><tr class=\"even\"><td class=\"data-rank\" data-label=\"#\">2<\/td><td class=\"data-name has-photo\" data-label=\"J\u00e1t\u00e9kos\"><a href=\"https:\/\/bdsebasket.hu\/index.php\/player\/dajka-david\/\"><span class=\"player-flag\"><img decoding=\"async\" src=\"https:\/\/bdsebasket.hu\/wp-content\/plugins\/sportspress\/assets\/images\/flags\/hun.png\" alt=\"hun\"><\/span>Dajka D\u00e1vid<\/a><\/td><td class=\"data-team\" data-label=\"Csapat\">Buda\u00f6rsi DSE<\/td><td class=\"data-position\" data-label=\"Poz\u00edci\u00f3\">5<\/td><\/tr><tr class=\"odd\"><td class=\"data-rank\" data-label=\"#\">3<\/td><td class=\"data-name has-photo\" data-label=\"J\u00e1t\u00e9kos\"><a href=\"https:\/\/bdsebasket.hu\/index.php\/player\/gyapjas-levente\/\"><span class=\"player-flag\"><img decoding=\"async\" src=\"https:\/\/bdsebasket.hu\/wp-content\/plugins\/sportspress\/assets\/images\/flags\/hun.png\" alt=\"hun\"><\/span>Gyapjas Levente<\/a><\/td><td class=\"data-team\" data-label=\"Csapat\">Buda\u00f6rsi DSE<\/td><td class=\"data-position\" data-label=\"Poz\u00edci\u00f3\">3<\/td><\/tr><tr class=\"even\"><td class=\"data-rank\" data-label=\"#\">4<\/td><td class=\"data-name has-photo\" data-label=\"J\u00e1t\u00e9kos\"><a href=\"https:\/\/bdsebasket.hu\/index.php\/player\/fischer-peter\/\"><span class=\"player-flag\"><img decoding=\"async\" src=\"https:\/\/bdsebasket.hu\/wp-content\/plugins\/sportspress\/assets\/images\/flags\/hun.png\" alt=\"hun\"><\/span>Fischer P\u00e9ter<\/a><\/td><td class=\"data-team\" data-label=\"Csapat\">Buda\u00f6rsi DSE<\/td><td class=\"data-position\" data-label=\"Poz\u00edci\u00f3\">1<\/td><\/tr><tr class=\"odd\"><td class=\"data-rank\" data-label=\"#\">5<\/td><td class=\"data-name has-photo\" data-label=\"J\u00e1t\u00e9kos\"><a href=\"https:\/\/bdsebasket.hu\/index.php\/player\/schiroky-kirill\/\"><span class=\"player-flag\"><img decoding=\"async\" src=\"https:\/\/bdsebasket.hu\/wp-content\/plugins\/sportspress\/assets\/images\/flags\/hun.png\" alt=\"hun\"><\/span>Schiroky Kirill<\/a><\/td><td class=\"data-team\" data-label=\"Csapat\">Buda\u00f6rsi DSE<\/td><td class=\"data-position\" data-label=\"Poz\u00edci\u00f3\">4<\/td><\/tr><tr class=\"even\"><td class=\"data-rank\" data-label=\"#\">6<\/td><td class=\"data-name has-photo\" data-label=\"J\u00e1t\u00e9kos\"><a href=\"https:\/\/bdsebasket.hu\/index.php\/player\/kajdacsi-kristof\/\"><span class=\"player-flag\"><img decoding=\"async\" src=\"https:\/\/bdsebasket.hu\/wp-content\/plugins\/sportspress\/assets\/images\/flags\/hun.png\" alt=\"hun\"><\/span>Kajdacsi Krist\u00f3f<\/a><\/td><td class=\"data-team\" data-label=\"Csapat\">Buda\u00f6rsi DSE<\/td><td class=\"data-position\" data-label=\"Poz\u00edci\u00f3\">5<\/td><\/tr><tr class=\"odd\"><td class=\"data-rank\" data-label=\"#\">7<\/td><td class=\"data-name has-photo\" data-label=\"J\u00e1t\u00e9kos\"><a href=\"https:\/\/bdsebasket.hu\/index.php\/player\/molnar-csongor\/\"><span class=\"player-flag\"><img decoding=\"async\" src=\"https:\/\/bdsebasket.hu\/wp-content\/plugins\/sportspress\/assets\/images\/flags\/hun.png\" alt=\"hun\"><\/span>Moln\u00e1r Csongor<\/a><\/td><td class=\"data-team\" data-label=\"Csapat\">Buda\u00f6rsi DSE<\/td><td class=\"data-position\" data-label=\"Poz\u00edci\u00f3\">1<\/td><\/tr><tr class=\"even\"><td class=\"data-rank\" data-label=\"#\">8<\/td><td class=\"data-name has-photo\" data-label=\"J\u00e1t\u00e9kos\"><a href=\"https:\/\/bdsebasket.hu\/index.php\/player\/petrovics-balazs\/\"><span class=\"player-flag\"><img decoding=\"async\" src=\"https:\/\/bdsebasket.hu\/wp-content\/plugins\/sportspress\/assets\/images\/flags\/hun.png\" alt=\"hun\"><\/span>Petrovics Bal\u00e1zs<\/a><\/td><td class=\"data-team\" data-label=\"Csapat\">Buda\u00f6rsi DSE<\/td><td class=\"data-position\" data-label=\"Poz\u00edci\u00f3\">2<\/td><\/tr><tr class=\"odd\"><td class=\"data-rank\" data-label=\"#\">9<\/td><td class=\"data-name has-photo\" data-label=\"J\u00e1t\u00e9kos\"><a href=\"https:\/\/bdsebasket.hu\/index.php\/player\/szonyegi-mark\/\"><span class=\"player-flag\"><img decoding=\"async\" src=\"https:\/\/bdsebasket.hu\/wp-content\/plugins\/sportspress\/assets\/images\/flags\/hun.png\" alt=\"hun\"><\/span>Sz\u0151nyegi M\u00e1rk<\/a><\/td><td class=\"data-team\" data-label=\"Csapat\">Buda\u00f6rsi DSE<\/td><td class=\"data-position\" data-label=\"Poz\u00edci\u00f3\">3<\/td><\/tr><tr class=\"even\"><td class=\"data-rank\" data-label=\"#\">10<\/td><td class=\"data-name has-photo\" data-label=\"J\u00e1t\u00e9kos\"><a href=\"https:\/\/bdsebasket.hu\/index.php\/player\/veres-zsombor\/\"><span class=\"player-flag\"><img decoding=\"async\" src=\"https:\/\/bdsebasket.hu\/wp-content\/plugins\/sportspress\/assets\/images\/flags\/hun.png\" alt=\"hun\"><\/span>Veres Zsombor<\/a><\/td><td class=\"data-team\" data-label=\"Csapat\">Buda\u00f6rsi DSE<\/td><td class=\"data-position\" data-label=\"Poz\u00edci\u00f3\">5<\/td><\/tr><tr class=\"odd\"><td class=\"data-rank\" data-label=\"#\">11<\/td><td class=\"data-name has-photo\" data-label=\"J\u00e1t\u00e9kos\"><a href=\"https:\/\/bdsebasket.hu\/index.php\/player\/zsihla-zsombor\/\"><span class=\"player-flag\"><img decoding=\"async\" src=\"https:\/\/bdsebasket.hu\/wp-content\/plugins\/sportspress\/assets\/images\/flags\/hun.png\" alt=\"hun\"><\/span>Zsihla Zsombor<\/a><\/td><td class=\"data-team\" data-label=\"Csapat\">Buda\u00f6rsi DSE<\/td><td class=\"data-position\" data-label=\"Poz\u00edci\u00f3\">1<\/td><\/tr><\/tbody><\/table><\/div><\/div><\/div>[\/vc_column_text][\/vc_tta_section][vc_tta_section title=&#8221;Szakmai st\u00e1b&#8221; tab_id=&#8221;1506525114850-910e91ca-ad40&#8243;][vc_row_inner css=&#8221;.vc_custom_1506525210339{background-color: #000000 !important;}&#8221;][vc_column_inner width=&#8221;1\/3&#8243;][vc_column_text]<\/p>\n<h4 style=\"text-align: center;\"><span style=\"color: #ff0000;\">DI\u00d3SADI DE\u00c1K \u00c9VA<\/span><\/h4>\n<p style=\"text-align: center;\"><span style=\"color: #ffffff;\">vezet\u0151edz\u0151<\/span><\/p>\n<p>[\/vc_column_text][\/vc_column_inner][vc_column_inner width=&#8221;1\/3&#8243;][vc_column_text]<\/p>\n<h4 style=\"text-align: center;\"><span style=\"color: #ff0000;\">KUN SZAB\u00d3 BAL\u00c1ZS<\/span><\/h4>\n<p style=\"text-align: center;\"><span style=\"color: #ffffff;\">er\u0151nl\u00e9ti edz\u0151<\/span><\/p>\n<p>[\/vc_column_text][\/vc_column_inner][vc_column_inner width=&#8221;1\/3&#8243;][\/vc_column_inner][\/vc_row_inner][\/vc_tta_section][\/vc_tta_tabs][\/vc_column][\/vc_row]<\/p>\n<\/div>","protected":false},"excerpt":{"rendered":"<p>[vc_row css=&#8221;.vc_custom_1506529323235{margin-top: -60px !important;}&#8221;][vc_column][vc_custom_heading text=&#8221;KADETT CSAPATUNK&#8221; use_theme_fonts=&#8221;yes&#8221;][\/vc_column][\/vc_row][vc_row][vc_column][vc_tta_tabs][vc_tta_section title=&#8221;H\u00cdREK&#8221; tab_id=&#8221;1506525035630-65499489-c681&#8243;][stm_news_tabs title=&#8221;H\u00edrek&#8221; number=&#8221;6&#8243; post_categories=&#8221;kadett&#8221;][\/vc_tta_section][vc_tta_section title=&#8221;CSAPAT&#8221; tab_id=&#8221;1506525035663-dbc3fd61-a6a9&#8243;][vc_single_image image=&#8221;3287&#8243; img_size=&#8221;large&#8221; alignment=&#8221;center&#8221;][\/vc_tta_section][vc_tta_section title=&#8221;J\u00c1T\u00c9KOSOK&#8221; tab_id=&#8221;1506525078147-10bf087e-ae79&#8243;][vc_column_text][\/vc_column_text][\/vc_tta_section][vc_tta_section title=&#8221;Szakmai st\u00e1b&#8221; tab_id=&#8221;1506525114850-910e91ca-ad40&#8243;][vc_row_inner css=&#8221;.vc_custom_1506525210339{background-color: #000000 !important;}&#8221;][vc_column_inner width=&#8221;1\/3&#8243;][vc_column_text] DI\u00d3SADI DE\u00c1K \u00c9VA vezet\u0151edz\u0151 [\/vc_column_text][\/vc_column_inner][vc_column_inner width=&#8221;1\/3&#8243;][vc_column_text] KUN SZAB\u00d3 BAL\u00c1ZS er\u0151nl\u00e9ti edz\u0151 [\/vc_column_text][\/vc_column_inner][vc_column_inner width=&#8221;1\/3&#8243;][\/vc_column_inner][\/vc_row_inner][\/vc_tta_section][\/vc_tta_tabs][\/vc_column][\/vc_row]<\/p>\n","protected":false},"author":1,"featured_media":0,"parent":0,"menu_order":0,"comment_status":"closed","ping_status":"open","template":"","meta":{"footnotes":""},"class_list":["post-1358","page","type-page","status-publish","hentry"],"_links":{"self":[{"href":"https:\/\/bdsebasket.hu\/index.php\/wp-json\/wp\/v2\/pages\/1358","targetHints":{"allow":["GET"]}}],"collection":[{"href":"https:\/\/bdsebasket.hu\/index.php\/wp-json\/wp\/v2\/pages"}],"about":[{"href":"https:\/\/bdsebasket.hu\/index.php\/wp-json\/wp\/v2\/types\/page"}],"author":[{"embeddable":true,"href":"https:\/\/bdsebasket.hu\/index.php\/wp-json\/wp\/v2\/users\/1"}],"replies":[{"embeddable":true,"href":"https:\/\/bdsebasket.hu\/index.php\/wp-json\/wp\/v2\/comments?post=1358"}],"version-history":[{"count":11,"href":"https:\/\/bdsebasket.hu\/index.php\/wp-json\/wp\/v2\/pages\/1358\/revisions"}],"predecessor-version":[{"id":3056,"href":"https:\/\/bdsebasket.hu\/index.php\/wp-json\/wp\/v2\/pages\/1358\/revisions\/3056"}],"wp:attachment":[{"href":"https:\/\/bdsebasket.hu\/index.php\/wp-json\/wp\/v2\/media?parent=1358"}],"curies":[{"name":"wp","href":"https:\/\/api.w.org\/{rel}","templated":true}]}}