{"id":1352,"date":"2017-03-06T15:38:08","date_gmt":"2017-03-06T15:38:08","guid":{"rendered":"http:\/\/dolphinx.eu\/test\/vasasnoi\/?page_id=1352"},"modified":"2023-02-23T13:55:57","modified_gmt":"2023-02-23T13:55:57","slug":"vezetoseg","status":"publish","type":"page","link":"https:\/\/bdsebasket.hu\/index.php\/vezetoseg\/","title":{"rendered":"Szakmai St\u00e1b"},"content":{"rendered":"<div class=\"wpb-content-wrapper\"><p>[vc_row css=&#8221;.vc_custom_1555509483852{margin-top: -70px !important;}&#8221;][vc_column width=&#8221;2\/3&#8243;][vc_custom_heading text=&#8221;Radovics J\u00f3zsef&#8221; font_container=&#8221;tag:h3|text_align:left&#8221; use_theme_fonts=&#8221;yes&#8221;][vc_separator color=&#8221;custom&#8221; align=&#8221;align_left&#8221; el_width=&#8221;10&#8243; accent_color=&#8221;#ffd400&#8243;][vc_column_text css=&#8221;.vc_custom_1638291309079{margin-top: -20px !important;}&#8221;]szakoszt\u00e1lyvezet\u0151[\/vc_column_text][stm_contact_info phone=&#8221;+36 20 950 2044&#8243; email=&#8221;radobasket`{`kukac`}`radobasket.hu&#8221; title=&#8221;El\u00e9rhet\u0151s\u00e9gek&#8221;][vc_empty_space height=&#8221;30px&#8221;][\/vc_column][vc_column width=&#8221;1\/3&#8243;][vc_single_image image=&#8221;4472&#8243; img_size=&#8221;full&#8221;][\/vc_column][\/vc_row][vc_row][vc_column][vc_separator style=&#8221;shadow&#8221;][\/vc_column][\/vc_row][vc_row][vc_column width=&#8221;2\/3&#8243;][vc_custom_heading text=&#8221;G\u00f6b\u00f6l\u00f6s R\u00e9ka&#8221; font_container=&#8221;tag:h3|text_align:left&#8221; use_theme_fonts=&#8221;yes&#8221;][vc_separator color=&#8221;custom&#8221; align=&#8221;align_left&#8221; el_width=&#8221;10&#8243; accent_color=&#8221;#ffd400&#8243;][vc_column_text css=&#8221;.vc_custom_1634223401224{margin-top: -20px !important;}&#8221;]Technikai vezet\u0151[\/vc_column_text][stm_contact_info phone=&#8221;+36 70 949 8572&#8243; email=&#8221;reka`{`kukac`}`radobasket.hu&#8221; title=&#8221;El\u00e9rhet\u0151s\u00e9gek&#8221;][vc_empty_space][\/vc_column][vc_column width=&#8221;1\/3&#8243;][vc_single_image image=&#8221;4511&#8243; img_size=&#8221;full&#8221;][\/vc_column][\/vc_row]<\/p>\n<\/div>","protected":false},"excerpt":{"rendered":"<p>[vc_row css=&#8221;.vc_custom_1555509483852{margin-top: -70px !important;}&#8221;][vc_column width=&#8221;2\/3&#8243;][vc_custom_heading text=&#8221;Radovics J\u00f3zsef&#8221; font_container=&#8221;tag:h3|text_align:left&#8221; use_theme_fonts=&#8221;yes&#8221;][vc_separator color=&#8221;custom&#8221; align=&#8221;align_left&#8221; el_width=&#8221;10&#8243; accent_color=&#8221;#ffd400&#8243;][vc_column_text css=&#8221;.vc_custom_1638291309079{margin-top: -20px !important;}&#8221;]szakoszt\u00e1lyvezet\u0151[\/vc_column_text][stm_contact_info phone=&#8221;+36 20 950 2044&#8243; email=&#8221;radobasket`{`kukac`}`radobasket.hu&#8221; title=&#8221;El\u00e9rhet\u0151s\u00e9gek&#8221;][vc_empty_space height=&#8221;30px&#8221;][\/vc_column][vc_column width=&#8221;1\/3&#8243;][vc_single_image image=&#8221;4472&#8243; img_size=&#8221;full&#8221;][\/vc_column][\/vc_row][vc_row][vc_column][vc_separator style=&#8221;shadow&#8221;][\/vc_column][\/vc_row][vc_row][vc_column width=&#8221;2\/3&#8243;][vc_custom_heading text=&#8221;G\u00f6b\u00f6l\u00f6s R\u00e9ka&#8221; font_container=&#8221;tag:h3|text_align:left&#8221; use_theme_fonts=&#8221;yes&#8221;][vc_separator color=&#8221;custom&#8221; align=&#8221;align_left&#8221; el_width=&#8221;10&#8243; accent_color=&#8221;#ffd400&#8243;][vc_column_text css=&#8221;.vc_custom_1634223401224{margin-top: -20px !important;}&#8221;]Technikai vezet\u0151[\/vc_column_text][stm_contact_info phone=&#8221;+36 70 949 8572&#8243; email=&#8221;reka`{`kukac`}`radobasket.hu&#8221; title=&#8221;El\u00e9rhet\u0151s\u00e9gek&#8221;][vc_empty_space][\/vc_column][vc_column width=&#8221;1\/3&#8243;][vc_single_image image=&#8221;4511&#8243; img_size=&#8221;full&#8221;][\/vc_column][\/vc_row]<\/p>\n","protected":false},"author":1,"featured_media":0,"parent":0,"menu_order":0,"comment_status":"closed","ping_status":"closed","template":"","meta":{"footnotes":""},"class_list":["post-1352","page","type-page","status-publish","hentry"],"_links":{"self":[{"href":"https:\/\/bdsebasket.hu\/index.php\/wp-json\/wp\/v2\/pages\/1352","targetHints":{"allow":["GET"]}}],"collection":[{"href":"https:\/\/bdsebasket.hu\/index.php\/wp-json\/wp\/v2\/pages"}],"about":[{"href":"https:\/\/bdsebasket.hu\/index.php\/wp-json\/wp\/v2\/types\/page"}],"author":[{"embeddable":true,"href":"https:\/\/bdsebasket.hu\/index.php\/wp-json\/wp\/v2\/users\/1"}],"replies":[{"embeddable":true,"href":"https:\/\/bdsebasket.hu\/index.php\/wp-json\/wp\/v2\/comments?post=1352"}],"version-history":[{"count":18,"href":"https:\/\/bdsebasket.hu\/index.php\/wp-json\/wp\/v2\/pages\/1352\/revisions"}],"predecessor-version":[{"id":5182,"href":"https:\/\/bdsebasket.hu\/index.php\/wp-json\/wp\/v2\/pages\/1352\/revisions\/5182"}],"wp:attachment":[{"href":"https:\/\/bdsebasket.hu\/index.php\/wp-json\/wp\/v2\/media?parent=1352"}],"curies":[{"name":"wp","href":"https:\/\/api.w.org\/{rel}","templated":true}]}}